{"id":1782,"date":"2024-01-17T15:05:51","date_gmt":"2024-01-17T20:05:51","guid":{"rendered":"https:\/\/geophysicsgpr.com\/privacy-policy\/"},"modified":"2024-06-18T15:22:17","modified_gmt":"2024-06-18T19:22:17","slug":"politique-de-confidentialite","status":"publish","type":"page","link":"https:\/\/geophysicsgpr.com\/fr\/politique-de-confidentialite\/","title":{"rendered":"Politique de confidentialit\u00e9"},"content":{"rendered":"<div id=\"pl-1782\"  class=\"panel-layout\" ><div id=\"pg-1782-0\"  class=\"panel-grid panel-has-style\" ><div class=\"texte-home-right article panel-row-style panel-row-style-for-1782-0\" ><div id=\"pgc-1782-0-0\"  class=\"panel-grid-cell panel-grid-cell-mobile-last\" ><div id=\"panel-1782-0-0-0\" class=\"so-panel widget widget_sow-editor panel-first-child panel-last-child\" data-index=\"0\" ><div\n\t\t\t\n\t\t\tclass=\"so-widget-sow-editor so-widget-sow-editor-base\"\n\t\t\t\n\t\t>\n<div class=\"siteorigin-widget-tinymce textwidget\">\n\t<p>Cet avis de confidentialit\u00e9 divulgue les pratiques en mati\u00e8re de confidentialit\u00e9 pour https:\/\/geophysicsgpr.com\/ . Cet avis de confidentialit\u00e9 s'applique uniquement aux informations collect\u00e9es par ce site web. Il vous informera des \u00e9l\u00e9ments suivants :<\/p>\n<p>1. Les informations personnellement identifiables collect\u00e9es aupr\u00e8s de vous via le site web, comment elles sont utilis\u00e9es et avec qui elles peuvent \u00eatre partag\u00e9es.<br \/>\n2. Les choix qui s'offrent \u00e0 vous concernant l'utilisation de vos donn\u00e9es.<br \/>\n3. Les proc\u00e9dures de s\u00e9curit\u00e9 mises en place pour prot\u00e9ger l'usage abusif de vos\u00a0 informations.<br \/>\n4. Comment vous pouvez corriger toute inexactitude dans les informations.<\/p>\n<p>Le site geophysicsgpr.com est op\u00e9r\u00e9 par Geophysics GPR. L\u2019utilisateur qui consulte le site Web est li\u00e9 par les pr\u00e9sentes conditions.<\/p>\n<p><strong>Conditions d\u2019utilisation<\/strong><br \/>\nCe site de Geophysics GPR est fourni \u00e0 titre de service aux visiteurs. Geophysics GPR se r\u00e9serve le droit de modifier, d\u2019ajouter ou de supprimer toute information ou tout \u00e9l\u00e9ment de ce site, \u00e0 tout moment et pour toute raison.<\/p>\n<p><strong>Droits d'auteur<\/strong><br \/>\nTous les textes du site, logos, concepts, graphiques, images, informations, documents et autres ainsi que la s\u00e9lection, l\u2019arrangement et l\u2019affichage de ceux-ci, demeurent la propri\u00e9t\u00e9 exclusive de Globalia et\/ou de ses clients et fournisseurs et sont prot\u00e9g\u00e9s par la Loi sur le droit d\u2019auteur.<\/p>\n<p><strong>Information Collection, Use, and Sharing<\/strong><br \/>\nGeophysics GPR is the sole owner of the information collected on this site. We only have access to\/collect information that you voluntarily give us via email or other direct contact from you. We will not sell or rent this information to anyone.<br \/>\nWe will use your information to respond to you, regarding the reason you contacted us. We will not share your information with any third party outside of our organization, other than as necessary to fulfill your request. Unless you ask us not to, we may contact you via email in the future to tell you about specials, new products or services, or changes to this privacy policy.<\/p>\n<p><strong>Collecte, utilisation et partage d'informations<\/strong><br \/>\nGeophysics GPR est le seul propri\u00e9taire des informations collect\u00e9es sur ce site. Nous n'avons acc\u00e8s qu'aux informations que vous nous fournissez volontairement via courriel ou tout autre contact direct de votre part. Nous ne vendrons ni ne louerons ces informations \u00e0 qui que ce soit. Nous utiliserons vos informations pour vous r\u00e9pondre, concernant la raison pour laquelle vous nous avez contact\u00e9s. Nous ne partagerons pas vos informations avec des tiers en dehors de notre organisation, sauf si n\u00e9cessaire pour r\u00e9pondre \u00e0 votre demande.<\/p>\n<p>\u00c0 moins que vous ne nous demandiez de ne pas le faire, nous pourrions vous contacter par courriel \u00e0 l'avenir pour vous informer des offres sp\u00e9ciales, de nouveaux produits ou services, ou de modifications apport\u00e9es \u00e0 cette politique de confidentialit\u00e9.<\/p>\n<p><strong>Collecte des renseignements personnels<\/strong><br \/>\n\u2022 Pr\u00e9nom<br \/>\n\u2022 Nom<br \/>\n\u2022 Adresse \u00e9lectronique<br \/>\n\u2022 Num\u00e9ro de t\u00e9l\u00e9phone<br \/>\n\u2022 Nom de l\u2019entreprise<\/p>\n<p>Les renseignements personnels que nous collectons sont recueillis au travers de formulaires et gr\u00e2ce \u00e0 l\u2019interactivit\u00e9 \u00e9tablie entre vous et notre site Web. Nous utilisons \u00e9galement, comme indiqu\u00e9 dans la section suivante, des fichiers t\u00e9moins et\/ou journaux pour r\u00e9unir des informations vous concernant.<\/p>\n<p><strong>Les t\u00e9moins ou \u00ab Cookies \u00bb<\/strong><br \/>\nLes t\u00e9moins, commun\u00e9ment appel\u00e9s cookies sont des informations qu\u2019enregistre un serveur http sur le disque dur de votre ordinateur pour vous identifier. Nos t\u00e9moins ne contiennent pas d\u2019informations confidentielles, mais simplement un num\u00e9ro permettant uniquement \u00e0 Geophysics GPR de vous identifier et de vous sugg\u00e9rer du contenu susceptible de vous int\u00e9resser et rendre votre visite plus agr\u00e9able et conviviale. La plupart des navigateurs acceptent automatiquement les t\u00e9moins. Cependant, vous pouvez les refuser en modifiant vos pr\u00e9f\u00e9rences dans les param\u00e8tres du navigateur utilis\u00e9.<\/p>\n<p><strong>Op\u00e9rations automatis\u00e9es de marketing et\/ou de profilage utilisant des donn\u00e9es personnelles<\/strong><\/p>\n<p>Si vous visitez certaines pages de ce site, votre navigateur peut stocker un cookie jusqu'\u00e0 13 mois afin que nous puissions vous proposer des publicit\u00e9s pertinentes via des r\u00e9seaux tels que Google Ads, Facebook Ads ou LinkedIn Ads.<\/p>\n<p><strong>Votre acc\u00e8s et votre contr\u00f4le sur les informations<\/strong><br \/>\nVous pouvez choisir de ne plus recevoir de contacts de notre part \u00e0 tout moment. Vous pouvez effectuer les actions suivantes \u00e0 tout moment en nous contactant via l'adresse e-mail ou le num\u00e9ro de t\u00e9l\u00e9phone donn\u00e9 sur notre site web :<br \/>\n\u2022 Voir quelles donn\u00e9es nous poss\u00e9dons \u00e0 votre sujet, le cas \u00e9ch\u00e9ant.<br \/>\n\u2022 Modifier\/corriger toutes les donn\u00e9es que nous poss\u00e9dons \u00e0 votre sujet.<br \/>\n\u2022 Nous demander de supprimer toutes les donn\u00e9es que nous poss\u00e9dons \u00e0 votre sujet.<\/p>\n<p>\u2022 Exprimer toute pr\u00e9occupation que vous pourriez avoir concernant notre utilisation de vos<br \/>\ndonn\u00e9es.<\/p>\n<p><strong>S\u00e9curit\u00e9<\/strong><br \/>\nNous prenons des pr\u00e9cautions pour prot\u00e9ger vos informations. Lorsque vous soumettez des informations sensibles via le site web, vos informations sont prot\u00e9g\u00e9es \u00e0 la fois en ligne et hors<br \/>\nligne. Partout o\u00f9 nous collectons des informations sensibles, ces informations sont crypt\u00e9es et nous sont transmises de mani\u00e8re s\u00e9curis\u00e9e. Vous pouvez v\u00e9rifier cela en recherchant une ic\u00f4ne de cadenas dans la barre d'adresse et en recherchant \"https\" au d\u00e9but de l'adresse de la page Web. Bien que nous utilisions le cryptage pour prot\u00e9ger les informations sensibles transmises en ligne, nous prot\u00e9geons \u00e9galement vos informations hors ligne. Seuls les employ\u00e9s qui ont besoin des informations pour effectuer un travail sp\u00e9cifique ont acc\u00e8saux informations personnellement identifiables. Les ordinateurs\/serveurs dans lesquels nous stockons des informations personnellement identifiables sont conserv\u00e9s dans un environnement s\u00e9curis\u00e9.<\/p>\n<p><strong>L\u00e9gislation<\/strong><br \/>\nNous nous engageons \u00e0 respecter les dispositions l\u00e9gislatives \u00e9nonc\u00e9es dans la Loi sur la protection des renseignements personnels et les documents \u00e9lectroniques (LPRPDE) du Canada. Si vous estimez que nous ne respectons pas cette politique de confidentialit\u00e9, vous devez nous contacter imm\u00e9diatement \u00e0 info@geophysicsgpr.com .<\/p>\n<p>Cette politique de confidentialit\u00e9 a \u00e9t\u00e9 mise \u00e0 jour le 5 juin 2024.<\/p>\n<\/div>\n<\/div><\/div><\/div><div id=\"pgc-1782-0-1\"  class=\"panel-grid-cell panel-grid-cell-empty\" ><\/div><\/div><\/div><\/div>","protected":false},"excerpt":{"rendered":"<p>Cet avis de confidentialit\u00e9 divulgue les pratiques en mati\u00e8re de confidentialit\u00e9 pour https:\/\/geophysicsgpr.com\/ . Cet avis de confidentialit\u00e9 s&rsquo;applique uniquement aux informations collect\u00e9es par ce site web. Il vous informera des \u00e9l\u00e9ments suivants : 1. Les informations personnellement identifiables collect\u00e9es aupr\u00e8s de vous via le site web, comment elles sont utilis\u00e9es et avec qui elles&#8230;  <a href=\"https:\/\/geophysicsgpr.com\/fr\/politique-de-confidentialite\/\" class=\"more-link\" title=\"Read Politique de confidentialit\u00e9\">Read more &raquo;<\/a><\/p>\n","protected":false},"author":1,"featured_media":0,"parent":0,"menu_order":0,"comment_status":"closed","ping_status":"closed","template":"page-full-width.php","meta":{"content-type":"","footnotes":""},"class_list":["post-1782","page","type-page","status-publish","hentry"],"_links":{"self":[{"href":"https:\/\/geophysicsgpr.com\/fr\/wp-json\/wp\/v2\/pages\/1782","targetHints":{"allow":["GET"]}}],"collection":[{"href":"https:\/\/geophysicsgpr.com\/fr\/wp-json\/wp\/v2\/pages"}],"about":[{"href":"https:\/\/geophysicsgpr.com\/fr\/wp-json\/wp\/v2\/types\/page"}],"author":[{"embeddable":true,"href":"https:\/\/geophysicsgpr.com\/fr\/wp-json\/wp\/v2\/users\/1"}],"replies":[{"embeddable":true,"href":"https:\/\/geophysicsgpr.com\/fr\/wp-json\/wp\/v2\/comments?post=1782"}],"version-history":[{"count":4,"href":"https:\/\/geophysicsgpr.com\/fr\/wp-json\/wp\/v2\/pages\/1782\/revisions"}],"predecessor-version":[{"id":1808,"href":"https:\/\/geophysicsgpr.com\/fr\/wp-json\/wp\/v2\/pages\/1782\/revisions\/1808"}],"wp:attachment":[{"href":"https:\/\/geophysicsgpr.com\/fr\/wp-json\/wp\/v2\/media?parent=1782"}],"curies":[{"name":"wp","href":"https:\/\/api.w.org\/{rel}","templated":true}]}}