{"id":1648,"date":"2020-11-06T19:12:25","date_gmt":"2020-11-06T19:12:25","guid":{"rendered":"https:\/\/geophysicsgpr.com\/?page_id=1648"},"modified":"2024-09-05T14:10:44","modified_gmt":"2024-09-05T18:10:44","slug":"contact","status":"publish","type":"page","link":"https:\/\/geophysicsgpr.com\/fr\/contact\/","title":{"rendered":"Contact"},"content":{"rendered":"<div id=\"pl-1648\"  class=\"panel-layout\" ><div id=\"pg-1648-0\"  class=\"panel-grid panel-has-style\" ><div class=\"texte-home-right article panel-row-style panel-row-style-for-1648-0\" ><div id=\"pgc-1648-0-0\"  class=\"panel-grid-cell\" ><div id=\"panel-1648-0-0-0\" class=\"so-panel widget widget_black-studio-tinymce widget_black_studio_tinymce panel-first-child panel-last-child\" data-index=\"0\" ><div class=\"panel-widget-style panel-widget-style-for-1648-0-0-0\" ><div class=\"textwidget\"><h3><strong>Si\u00e8ge social - Bureau de Montr\u00e9al<\/strong><\/h3>\n<p>100 - 2545 Rue De Lorimier<br \/>\nLongueuil (Qu\u00e9bec)<br \/>\nCanada J4K 3P7<\/p>\n<p>T\u00e9l. : +1 (450) 679-2400<br \/>\nFax : +1 (514) 521-4128<\/p>\n<p><span style=\"text-align: left;\"><strong>Pour toutes demandes, veuillez contacter Daniel Campos<\/strong><\/span><br \/>\ndaniel.campos@geophysicsgpr.com<br \/>\nT\u00e9l.:+1 (450) 679-2400 #316<\/p>\n<\/div><\/div><\/div><\/div><div id=\"pgc-1648-0-1\"  class=\"panel-grid-cell\" ><div id=\"panel-1648-0-1-0\" class=\"so-panel widget widget_black-studio-tinymce widget_black_studio_tinymce panel-first-child panel-last-child\" data-index=\"1\" ><div class=\"panel-widget-style panel-widget-style-for-1648-0-1-0\" ><div class=\"textwidget\"><h3><strong>Bureau de Toronto<\/strong><\/h3>\n<p>6741 Columbus,Unit\u00e9 14<br \/>\nMississauga (Ontario)<br \/>\nCanada L5T 2G9<\/p>\n<p>T\u00e9l. : +1 (905) 696-0656<br \/>\nFax : +1 (905) 696-0570<\/p>\n<p><span style=\"text-align: left;\"><strong>Pour toutes demandes, veuillez contacter Blair Walker<\/strong><\/span><br \/>\nblair.walker@geophysicsgpr.com<br \/>\nT\u00e9l.: +1 (905) 696-0656<\/p>\n<\/div><\/div><\/div><\/div><\/div><\/div><div id=\"pg-1648-1\"  class=\"panel-grid panel-has-style\" ><div class=\"texte-home-right article panel-row-style panel-row-style-for-1648-1\" ><div id=\"pgc-1648-1-0\"  class=\"panel-grid-cell\" ><div id=\"panel-1648-1-0-0\" class=\"so-panel widget widget_black-studio-tinymce widget_black_studio_tinymce panel-first-child panel-last-child\" data-index=\"2\" ><div class=\"panel-widget-style panel-widget-style-for-1648-1-0-0\" ><div class=\"textwidget\"><h3><strong>Bureau de Qu\u00e9bec<\/strong><\/h3>\n<p>1963 rue Frank-Carrel<br \/>\nQu\u00e9bec (Qu\u00e9bec)<br \/>\nCANADA G1N 2E6<\/p>\n<p>T\u00e9l. : +1 (418) 877-7382<\/p>\n<p><span style=\"text-align: left;\"><strong>Pour toutes demandes, veuillez contacter Olivier C.<\/strong><\/span><br \/>\nolivier.champagne@geophysicsgpr.com<\/p>\n<\/div><\/div><\/div><\/div><div id=\"pgc-1648-1-1\"  class=\"panel-grid-cell\" ><div id=\"panel-1648-1-1-0\" class=\"so-panel widget widget_black-studio-tinymce widget_black_studio_tinymce panel-first-child panel-last-child\" data-index=\"3\" ><div class=\"panel-widget-style panel-widget-style-for-1648-1-1-0\" ><div class=\"textwidget\"><h3><strong>Bureau de Bogota<\/strong><\/h3>\n<p>Cra. 7 #24-89, Piso 25<br \/>\nBogot\u00e1<br \/>\nColombia<\/p>\n<p>T\u00e9l\u00e9phone: +57 302 398 0875<\/p>\n<p><span style=\"text-align: left;\"><strong>Pour toutes demandes, veuillez contacter Andres Rinc\u00f3n<\/strong><\/span><br \/>\nandres.rincon@geophysicsgpr.com<\/p>\n<\/div><\/div><\/div><\/div><\/div><\/div><div id=\"pg-1648-2\"  class=\"panel-grid panel-has-style\" ><div class=\"texte-home-right article panel-row-style panel-row-style-for-1648-2\" ><div id=\"pgc-1648-2-0\"  class=\"panel-grid-cell panel-grid-cell-mobile-last\" ><div id=\"panel-1648-2-0-0\" class=\"so-panel widget widget_black-studio-tinymce widget_black_studio_tinymce panel-first-child panel-last-child\" data-index=\"4\" ><div class=\"panel-widget-style panel-widget-style-for-1648-2-0-0\" ><div class=\"textwidget\"><h3><strong>Bureau au Botswana<\/strong><\/h3>\n<p>Plot 16402, Unit\u00e9 7<br \/>\nMolapo Estates<br \/>\nP.O. Box 500191 Area W<br \/>\nFrancistown, BOTSWANA<\/p>\n<p>T\u00e9l. : +267 2402273<br \/>\nFax : +267 2402273<\/p>\n<p><span style=\"text-align: left;\"><strong>Pour toutes demandes, veuillez contacter :<\/strong><\/span><br \/>\nafrica@geophysicsgpr.com<\/p>\n<\/div><\/div><\/div><\/div><div id=\"pgc-1648-2-1\"  class=\"panel-grid-cell panel-grid-cell-empty\" ><\/div><\/div><\/div><div id=\"pg-1648-3\"  class=\"panel-grid panel-has-style\" ><div class=\"texte-home-right article panel-row-style panel-row-style-for-1648-3\" ><div id=\"pgc-1648-3-0\"  class=\"panel-grid-cell\" ><div id=\"panel-1648-3-0-0\" class=\"so-panel widget widget_black-studio-tinymce widget_black_studio_tinymce panel-first-child panel-last-child\" data-index=\"5\" ><div class=\"textwidget\"><h4 style=\"text-align: center;\"><b>G\u00e9ophysique GPR International Inc.<\/b><\/h4>\n<p>&nbsp;<\/p>\n<p style=\"text-align: center;\">\n\n\t\t\t\t\t<script>\n\t\t\t\t\t\twindow.hsFormsOnReady = window.hsFormsOnReady || [];\n\t\t\t\t\t\twindow.hsFormsOnReady.push(()=>{\n\t\t\t\t\t\t\thbspt.forms.create({\n\t\t\t\t\t\t\t\tportalId: 45891486,\n\t\t\t\t\t\t\t\tformId: \"52c989a7-74ce-4a04-9057-c2288df43e23\",\n\t\t\t\t\t\t\t\ttarget: \"#hbspt-form-1777601961000-8399101332\",\n\t\t\t\t\t\t\t\tregion: \"na1\",\n\t\t\t\t\t\t\t\t\n\t\t\t\t\t\t})});\n\t\t\t\t\t<\/script>\n\t\t\t\t\t<div class=\"hbspt-form\" id=\"hbspt-form-1777601961000-8399101332\"><\/div><\/p>\n<\/div><\/div><\/div><\/div><\/div><\/div>","protected":false},"excerpt":{"rendered":"<p>Si\u00e8ge social &#8211; Bureau de Montr\u00e9al 100 &#8211; 2545 Rue De Lorimier Longueuil (Qu\u00e9bec) Canada J4K 3P7 T\u00e9l. : +1 (450) 679-2400 Fax : +1 (514) 521-4128 Pour toutes demandes, veuillez contacter Daniel Campos daniel.campos@geophysicsgpr.com T\u00e9l.:+1 (450) 679-2400 #316 Bureau de Toronto 6741 Columbus,Unit\u00e9 14 Mississauga (Ontario) Canada L5T 2G9 T\u00e9l. : +1 (905) 696-0656&#8230;  <a href=\"https:\/\/geophysicsgpr.com\/fr\/contact\/\" class=\"more-link\" title=\"Read Contact\">Read more &raquo;<\/a><\/p>\n","protected":false},"author":1,"featured_media":0,"parent":0,"menu_order":0,"comment_status":"closed","ping_status":"closed","template":"page-full-width.php","meta":{"content-type":"","footnotes":""},"class_list":["post-1648","page","type-page","status-publish","hentry"],"_links":{"self":[{"href":"https:\/\/geophysicsgpr.com\/fr\/wp-json\/wp\/v2\/pages\/1648","targetHints":{"allow":["GET"]}}],"collection":[{"href":"https:\/\/geophysicsgpr.com\/fr\/wp-json\/wp\/v2\/pages"}],"about":[{"href":"https:\/\/geophysicsgpr.com\/fr\/wp-json\/wp\/v2\/types\/page"}],"author":[{"embeddable":true,"href":"https:\/\/geophysicsgpr.com\/fr\/wp-json\/wp\/v2\/users\/1"}],"replies":[{"embeddable":true,"href":"https:\/\/geophysicsgpr.com\/fr\/wp-json\/wp\/v2\/comments?post=1648"}],"version-history":[{"count":34,"href":"https:\/\/geophysicsgpr.com\/fr\/wp-json\/wp\/v2\/pages\/1648\/revisions"}],"predecessor-version":[{"id":1656,"href":"https:\/\/geophysicsgpr.com\/fr\/wp-json\/wp\/v2\/pages\/1648\/revisions\/1656"}],"wp:attachment":[{"href":"https:\/\/geophysicsgpr.com\/fr\/wp-json\/wp\/v2\/media?parent=1648"}],"curies":[{"name":"wp","href":"https:\/\/api.w.org\/{rel}","templated":true}]}}