{"id":144,"date":"2015-08-24T16:44:50","date_gmt":"2015-08-24T15:44:50","guid":{"rendered":"http:\/\/geophysicsgpr.com\/?page_id=144"},"modified":"2020-06-16T19:56:48","modified_gmt":"2020-06-16T18:56:48","slug":"innovation-geophysique-appliquee","status":"publish","type":"page","link":"https:\/\/geophysicsgpr.com\/fr\/innovation-geophysique-appliquee\/","title":{"rendered":"Innover pour faire avancer la g\u00e9ophysique"},"content":{"rendered":"<div id=\"pl-144\"  class=\"panel-layout\" ><div id=\"pg-144-0\"  class=\"panel-grid panel-has-style\" ><div class=\"panel-row-style panel-row-style-for-144-0\" ><div id=\"pgc-144-0-0\"  class=\"panel-grid-cell\" ><div id=\"panel-144-0-0-0\" class=\"so-panel widget widget_sow-layout-slider panel-first-child panel-last-child\" data-index=\"0\" ><div class=\"newhomepageslider panel-widget-style panel-widget-style-for-144-0-0-0\" ><div\n\t\t\t\n\t\t\tclass=\"so-widget-sow-layout-slider so-widget-sow-layout-slider-default-451aa46e9b2a-144\"\n\t\t\t\n\t\t>\t\t\t\t<div class=\"sow-slider-base\" style=\"display: none\" tabindex=\"0\">\n\t\t\t\t\t<ul\n\t\t\t\t\tclass=\"sow-slider-images\"\n\t\t\t\t\tdata-settings=\"{&quot;pagination&quot;:true,&quot;speed&quot;:800,&quot;timeout&quot;:8000,&quot;paused&quot;:false,&quot;pause_on_hover&quot;:false,&quot;swipe&quot;:true,&quot;nav_always_show_desktop&quot;:&quot;&quot;,&quot;nav_always_show_mobile&quot;:&quot;&quot;,&quot;breakpoint&quot;:&quot;780px&quot;,&quot;unmute&quot;:false,&quot;anchor&quot;:null}\"\n\t\t\t\t\tstyle=\"min-height: 400px\"\t\t\t\t\tdata-anchor-id=\"\"\n\t\t\t\t>\t\t<li class=\"sow-slider-image  sow-slider-image-cover\" style=\"visibility: visible;;background-color: #333333;background-image: url(https:\/\/geophysicsgpr.com\/wp-content\/uploads\/2020\/06\/P1000349_WEB-1.jpg)\" >\n\t\t\t\t\t<div class=\"sow-slider-image-container\">\n\t\t\t<div class=\"sow-slider-image-wrapper\">\n\t\t\t\t<div id=\"pl-w0762f5a5\"  class=\"panel-layout\" ><div id=\"pg-w0762f5a5-0\"  class=\"panel-grid panel-has-style\" ><div class=\"container panel-row-style panel-row-style-for-w0762f5a5-0\" ><div id=\"pgc-w0762f5a5-0-0\"  class=\"panel-grid-cell panel-grid-cell-empty\" ><\/div><div id=\"pgc-w0762f5a5-0-1\"  class=\"panel-grid-cell\" ><div id=\"panel-w0762f5a5-0-1-0\" class=\"so-panel widget widget_sow-editor panel-first-child panel-last-child\" data-index=\"0\" ><div class=\"right panel-widget-style panel-widget-style-for-w0762f5a5-0-1-0\" ><div\n\t\t\t\n\t\t\tclass=\"so-widget-sow-editor so-widget-sow-editor-base\"\n\t\t\t\n\t\t>\n<div class=\"siteorigin-widget-tinymce textwidget\">\n\t<h1>RECHERCHE ET D\u00c9VELOPPEMENT<\/h1>\n<h2>Nous portons la g\u00e9ophysique vers le futur<\/h2>\n<\/div>\n<\/div><\/div><\/div><\/div><\/div><\/div><\/div>\t\t\t<\/div>\n\t\t<\/div>\n\t\t\t\t<\/li>\n\t\t<\/ul>\t\t\t\t<ol class=\"sow-slider-pagination\">\n\t\t\t\t\t\t\t\t\t\t\t<li><a href=\"#\" data-goto=\"0\" aria-label=\"Display slide 1\"><\/a><\/li>\n\t\t\t\t\t\t\t\t\t<\/ol>\n\n\t\t\t\t<div class=\"sow-slide-nav sow-slide-nav-next\">\n\t\t\t\t\t<a href=\"#\" data-goto=\"next\" aria-label=\"Next slide\" data-action=\"next\">\n\t\t\t\t\t\t<em class=\"sow-sld-icon-thin-right\"><\/em>\n\t\t\t\t\t<\/a>\n\t\t\t\t<\/div>\n\n\t\t\t\t<div class=\"sow-slide-nav sow-slide-nav-prev\">\n\t\t\t\t\t<a href=\"#\" data-goto=\"previous\" aria-label=\"Previous slide\" data-action=\"prev\">\n\t\t\t\t\t\t<em class=\"sow-sld-icon-thin-left\"><\/em>\n\t\t\t\t\t<\/a>\n\t\t\t\t<\/div>\n\t\t\t\t<\/div><\/div><\/div><\/div><\/div><\/div><\/div><div id=\"pg-144-1\"  class=\"panel-grid panel-has-style\" ><div class=\"container panel-row-style panel-row-style-for-144-1\" ><div id=\"pgc-144-1-0\"  class=\"panel-grid-cell\" ><div id=\"panel-144-1-0-0\" class=\"so-panel widget widget_sow-editor panel-first-child\" data-index=\"1\" ><div\n\t\t\t\n\t\t\tclass=\"so-widget-sow-editor so-widget-sow-editor-base\"\n\t\t\t\n\t\t>\n<div class=\"siteorigin-widget-tinymce textwidget\">\n\t<p>Depuis sa fondation, G\u00e9ophysique GPR a toujours mis l'accent sur <strong>l'innovation dans le domaine de la g\u00e9ophysique appliqu\u00e9e.<\/strong> Au cours des 45&nbsp;derni\u00e8res ann\u00e9es, notre \u00e9quipe de recherche et d\u00e9veloppement et nos g\u00e9ophysiciens ont mis au point de <strong>nouvelles m\u00e9thodes g\u00e9ophysiques, des \u00e9quipements de g\u00e9ophysique terrestre, a\u00e9roport\u00e9e et marine, des logiciels de traitement et des proc\u00e9dures de terrain innovantes pour des lev\u00e9s complexes dans des environnements exigeants.<\/strong><\/p>\n<\/div>\n<\/div><\/div><div id=\"panel-144-1-0-1\" class=\"so-panel widget widget_sow-editor\" data-index=\"2\" ><div class=\"promobox panel-widget-style panel-widget-style-for-144-1-0-1\" ><div\n\t\t\t\n\t\t\tclass=\"so-widget-sow-editor so-widget-sow-editor-base\"\n\t\t\t\n\t\t>\n<div class=\"siteorigin-widget-tinymce textwidget\">\n\t<p style=\"font-size: 21px;\">En regardant vers l'avenir, l'innovation nous m\u00e8ne \u00e0 continuer d'explorer de nouvelles avanc\u00e9es technologiques telles que l'intelligence artificielle, les technologies de communication 5G et la nano\u00e9lectronique pour faire avancer la g\u00e9ophysique et rester en premi\u00e8re ligne dans notre industrie.<\/p>\n<\/div>\n<\/div><\/div><\/div><div id=\"panel-144-1-0-2\" class=\"so-panel widget widget_sow-editor\" data-index=\"3\" ><div class=\"promotext newhomelist panel-widget-style panel-widget-style-for-144-1-0-2\" ><div\n\t\t\t\n\t\t\tclass=\"so-widget-sow-editor so-widget-sow-editor-base\"\n\t\t\t\n\t\t>\n<div class=\"siteorigin-widget-tinymce textwidget\">\n\t<p><span style=\"color: #013ca6; font-size: 24px;\">Voici une liste des derni\u00e8res innovations d\u00e9velopp\u00e9es par notre \u00e9quipe R&amp;D:<\/span><\/p>\n<div style=\"background-color: #fa4c06; width: 200px; height: 8px;\"><\/div>\n<ul>\n<li style=\"margin-bottom: 15px;\"><strong>Hydro-SEEp:<\/strong> Cette m\u00e9thodologie a \u00e9t\u00e9 d\u00e9velopp\u00e9e pour permettre une \u00e9valuation g\u00e9ophysique compl\u00e8te des parc \u00e0 r\u00e9sidus et des barrages en terre. Hydro-SEEp permet une imagerie d\u00e9taill\u00e9e de la structure du barrage, permettant de d\u00e9tecter tout d\u00e9faut, vide, fuite et zone d'infiltration. Cette m\u00e9thodologie est combin\u00e9e au monitoring conventionnel tel que l'instrumentation g\u00e9otechnique et les syst\u00e8mes de gestion des donn\u00e9es pour fournir la meilleure solution pour les proc\u00e9dures de s\u00e9curit\u00e9 des barrages.<\/li>\n<li style=\"margin-bottom: 15px;\"><strong>Hydro-TISAR:<\/strong> Il s'agit d'une m\u00e9thode sismique bas\u00e9e sur l\u2019analyse dans le domaine fr\u00e9quentiel qui utilise le ph\u00e9nom\u00e8ne de r\u00e9sonance dans les couches g\u00e9ologiques pour produire une section de r\u00e9sonance similaire \u00e0 un radargramme du g\u00e9oradar. Initialement d\u00e9velopp\u00e9e pour l'investigation en eau souterraine, celle-ci permet d'identifier des structures tr\u00e8s minces dans les sols et le substratum rocheux \u00e0 des profondeurs allant jusqu'\u00e0 100 m\u00e8tres.<\/li>\n<li style=\"margin-bottom: 15px;\"><strong>GPRTEM:<\/strong> GPR a d\u00e9velopp\u00e9 son propre syst\u00e8me EM h\u00e9liport\u00e9 pour l'exploration mini\u00e8re peu profonde. GPRTEM propose des am\u00e9liorations innovantes pour permettre une plus grande sensibilit\u00e9 dans la d\u00e9tection de corps min\u00e9ralis\u00e9s.<\/li>\n<li style=\"margin-bottom: 15px;\"><strong>HeliMAGer:<\/strong> Ce syst\u00e8me brevet\u00e9 est un syst\u00e8me h\u00e9liport\u00e9 \u00e0 gradient magn\u00e9tique \u00e0 4 capteurs. HeliMAGer peut accepter une gamme de diff\u00e9rents capteurs \/ instruments, particuli\u00e8rement utiles pour la cartographie et l'exploration des r\u00e9gions montagneuses. La plate-forme permet la disposition des capteurs dans trois directions orthogonales.<\/li>\n<li style=\"margin-bottom: 15px;\"><strong>Microsis:<\/strong> Il s'agit d'un instrument NDT pour les applications g\u00e9ophysiques. Inh\u00e9rents \u00e0 sa conception, il comporte plusieurs canaux DAQ haute vitesse, qui peuvent \u00eatre configur\u00e9s pour recevoir une vari\u00e9t\u00e9 d'entr\u00e9es diff\u00e9rentes. De plus, le syst\u00e8me comprend un g\u00e9n\u00e9rateur de fonctions de haute qualit\u00e9, permettant d\u2019utiliser une large gamme de sources avec une fonction d'onde pr\u00e9d\u00e9termin\u00e9e.<\/li>\n<\/ul>\n<\/div>\n<\/div><\/div><\/div><div id=\"panel-144-1-0-3\" class=\"so-panel widget widget_sow-editor panel-last-child\" data-index=\"4\" ><div class=\"texte-home-right article panel-widget-style panel-widget-style-for-144-1-0-3\" ><div\n\t\t\t\n\t\t\tclass=\"so-widget-sow-editor so-widget-sow-editor-base\"\n\t\t\t\n\t\t>\n<div class=\"siteorigin-widget-tinymce textwidget\">\n\t<p>G\u00e9ophysique GPR International Inc. a toujours \u00e9t\u00e9 consciente de la n\u00e9cessit\u00e9 d'\u00e9voluer, d'explorer de nouvelles avenues, de repousser les limites des connaissances actuelles, afin de fournir de meilleures solutions et services \u00e0 nos clients. La meilleure fa\u00e7on d'y parvenir est d'\u00e9tablir et de maintenir un d\u00e9partement R &amp; D proactif\u00a0au sein de la soci\u00e9t\u00e9. Les projets de recherche actuels sont d'un large \u00e9ventail de disciplines g\u00e9ophysiques, y compris l'acquisition de donn\u00e9es CND (NDT), des lev\u00e9s g\u00e9ophysiques a\u00e9roport\u00e9s et des lev\u00e9s sismiques de r\u00e9sonance.<\/p>\n<p>La recherche est effectu\u00e9e par un personnel tr\u00e8s exp\u00e9riment\u00e9 et imaginatif qui se consacre \u00e0 nos\u00a0domaines d'expertise.\u00a0Les clients de GPR, ainsi que la communaut\u00e9 g\u00e9ophysique, en g\u00e9n\u00e9ral, sont les b\u00e9n\u00e9ficiaires de la\u00a0g\u00e9ophysique\u00a0R &amp; D r\u00e9alis\u00e9e par\u00a0GPR.<\/p>\n<p>GPR est fi\u00e8re de sa capacit\u00e9 \u00e0 proposer des solutions innovantes \u00e0 des probl\u00e8mes souvent difficiles apport\u00e9s par nos clients. Nous sommes tr\u00e8s efficaces quant \u00e0 la flexibilit\u00e9 et \u00e0 la capacit\u00e9 d\u2019adaptation de nos techniques et de notre m\u00e9thodologie de travail afin de r\u00e9pondre aux diff\u00e9rents besoins des clients.<\/p>\n<h2 class=\"h2resize\">Innovation de produit:<\/h2>\n<p id=\"tw-target-text\" class=\"tw-data-text vk_txt tw-ta tw-text-small\" dir=\"ltr\" data-placeholder=\"Translation\"><span lang=\"fr\">GPR a d\u00e9velopp\u00e9 son syst\u00e8me TDEM a\u00e9roport\u00e9 (GPRTEM - et r\u00e9cemment\u00a0am\u00e9lior\u00e9\u00a0\u00e0 GPRTEM2). Plusieurs modifications ont \u00e9t\u00e9 apport\u00e9es: Un nouveau r\u00e9cepteur et un nouvel amplificateur ont \u00e9t\u00e9 con\u00e7us et test\u00e9s. Une nouvelle plate-forme a \u00e9galement \u00e9t\u00e9 d\u00e9velopp\u00e9 pour am\u00e9liorer la stabilit\u00e9 du r\u00e9cepteur en vol. Une modification de la g\u00e9om\u00e9trie de l' \u00e9metteur produit un peu plus de puissance de sortie. Le but de ces modifications est d'am\u00e9liorer la r\u00e9ponse en fr\u00e9quence et de r\u00e9duire le bruit de l'amplificateur et le bruit provoqu\u00e9 par les vibrations du r\u00e9cepteur. Les essais en vol sont pr\u00e9vus pour fin 2015\u00a0pour d\u00e9terminer l'am\u00e9lioration globale du rapport signal\/bruit en raison de ces changements.<\/span><\/p>\n<p id=\"tw-target-text\" class=\"tw-data-text vk_txt tw-ta tw-text-small\" dir=\"ltr\" data-placeholder=\"Translation\"><span lang=\"fr\">\u00a0<\/span><\/p>\n<p>Le syst\u00e8me <strong>Microsis\u00ae<\/strong>, con\u00e7u et construit par notre d\u00e9partement R &amp; D, est novateur en ce qu'il va d'une certaine mani\u00e8re pour combler l'\u00e9cart entre le monde g\u00e9ophysique des syst\u00e8mes de basse fr\u00e9quence, et le monde CND (NDT) d'acquisition de donn\u00e9es \u00e0 haute fr\u00e9quence. Il est en fait un instrument non destructif\u00a0pour les applications g\u00e9ophysiques inh\u00e9rentes \u00e0 sa conception, des multiples canaux d'acquisition de donn\u00e9es \u00e0 haute vitesse, qui peuvent \u00eatre configur\u00e9s pour recevoir une vari\u00e9t\u00e9 d'entr\u00e9es diff\u00e9rentes. En outre, le syst\u00e8me comprend un g\u00e9n\u00e9rateur de fonction de haute qualit\u00e9, permettant \u00e0 un large \u00e9ventail de sources d'\u00eatre entra\u00een\u00e9es avec une fonction d\u2019onde pr\u00e9d\u00e9termin\u00e9e. GPR travaille actuellement sur un deuxi\u00e8me syst\u00e8me, Microsis 2, qui a les m\u00eames principes de conception, mais qui sera pourvu de\u00a0plus de cha\u00eenes, permettant l'acquisition de donn\u00e9es de plus haute r\u00e9solution \u00e0 des vitesses plus \u00e9lev\u00e9es qu'auparavant.<\/p>\n<p>\u00a0<\/p>\n<p>GPR a r\u00e9alis\u00e9 avec succ\u00e8s des essais de terrain d'un nouveau concept dans les syst\u00e8mes de gradiom\u00e8tres a\u00e9roport\u00e9s appell\u00e9 <strong>HeliMAGer<\/strong>. Le syst\u00e8me, qui est con\u00e7u pour \u00eatre remorqu\u00e9 par h\u00e9licopt\u00e8re, peut contenir jusqu'\u00e0 quatre capteurs magn\u00e9tom\u00e9triques, afin de fournir de v\u00e9ritables mesures verticales et horizontales d\u00e9grad\u00e9es \u00e0 faible bruit et \u00e0 basse altitude. Ce syst\u00e8me est maintenant pr\u00eat pour le travail commercial.<\/p>\n<\/div>\n<\/div><\/div><\/div><\/div><\/div><\/div><\/div>","protected":false},"excerpt":{"rendered":"<p>Depuis sa fondation, G\u00e9ophysique GPR a toujours mis l&rsquo;accent sur l&rsquo;innovation dans le domaine de la g\u00e9ophysique appliqu\u00e9e. Au cours des 45&nbsp;derni\u00e8res ann\u00e9es, notre \u00e9quipe de recherche et d\u00e9veloppement et nos g\u00e9ophysiciens ont mis au point de nouvelles m\u00e9thodes g\u00e9ophysiques, des \u00e9quipements de g\u00e9ophysique terrestre, a\u00e9roport\u00e9e et marine, des logiciels de traitement et des proc\u00e9dures&#8230;  <a href=\"https:\/\/geophysicsgpr.com\/fr\/innovation-geophysique-appliquee\/\" class=\"more-link\" title=\"Read Innover pour faire avancer la g\u00e9ophysique\">Read more &raquo;<\/a><\/p>\n","protected":false},"author":1,"featured_media":0,"parent":0,"menu_order":0,"comment_status":"closed","ping_status":"closed","template":"page-new-homepage-nmg.php","meta":{"content-type":"","footnotes":""},"class_list":["post-144","page","type-page","status-publish","hentry"],"_links":{"self":[{"href":"https:\/\/geophysicsgpr.com\/fr\/wp-json\/wp\/v2\/pages\/144","targetHints":{"allow":["GET"]}}],"collection":[{"href":"https:\/\/geophysicsgpr.com\/fr\/wp-json\/wp\/v2\/pages"}],"about":[{"href":"https:\/\/geophysicsgpr.com\/fr\/wp-json\/wp\/v2\/types\/page"}],"author":[{"embeddable":true,"href":"https:\/\/geophysicsgpr.com\/fr\/wp-json\/wp\/v2\/users\/1"}],"replies":[{"embeddable":true,"href":"https:\/\/geophysicsgpr.com\/fr\/wp-json\/wp\/v2\/comments?post=144"}],"version-history":[{"count":31,"href":"https:\/\/geophysicsgpr.com\/fr\/wp-json\/wp\/v2\/pages\/144\/revisions"}],"predecessor-version":[{"id":1574,"href":"https:\/\/geophysicsgpr.com\/fr\/wp-json\/wp\/v2\/pages\/144\/revisions\/1574"}],"wp:attachment":[{"href":"https:\/\/geophysicsgpr.com\/fr\/wp-json\/wp\/v2\/media?parent=144"}],"curies":[{"name":"wp","href":"https:\/\/api.w.org\/{rel}","templated":true}]}}