{"id":135,"date":"2015-08-24T16:36:25","date_gmt":"2015-08-24T15:36:25","guid":{"rendered":"http:\/\/geophysicsgpr.com\/?page_id=135"},"modified":"2025-01-29T12:12:35","modified_gmt":"2025-01-29T17:12:35","slug":"produits-et-ventes-dequipements-geophysiques","status":"publish","type":"page","link":"https:\/\/geophysicsgpr.com\/fr\/produits-et-ventes-dequipements-geophysiques\/","title":{"rendered":"Vente et location d&rsquo;\u00e9quipements g\u00e9ophysiques"},"content":{"rendered":"<div id=\"pl-135\"  class=\"panel-layout\" ><div id=\"pg-135-0\"  class=\"panel-grid panel-has-style\" ><div class=\"texte-home-right article panel-row-style panel-row-style-for-135-0\" ><div id=\"pgc-135-0-0\"  class=\"panel-grid-cell\" ><div id=\"panel-135-0-0-0\" class=\"so-panel widget widget_sow-editor panel-first-child\" data-index=\"0\" ><div\n\t\t\t\n\t\t\tclass=\"so-widget-sow-editor so-widget-sow-editor-base\"\n\t\t\t\n\t\t>\n<div class=\"siteorigin-widget-tinymce textwidget\">\n\t<p><span style=\"color: #000080;\">(LOCATION D'\u00c9QUIPEMENTS AU CANADA SEULEMENT)<\/span><\/p>\n<p>G\u00e9ophysique GPR International Inc. a toujours \u00e9t\u00e9 \u00e0 la fine pointe de la technologie gr\u00e2ce \u00e0 l'utilisation d'\u00e9quipements tr\u00e8s performants. Au fil des ans, le personnel de GPR a d\u00e9velopp\u00e9 une expertise enviable dans l'utilisation d'une large gamme d'\u00e9quipements g\u00e9ophysiques. Ils implantent \u00e9galement de nouvelles technologies au Canada et \u00e0 l'\u00e9tranger.<\/p>\n<p>GPR propose une large gamme d'instruments et d'accessoires \u00e0 vendre et location pour une utilisation \u00e0 des fins g\u00e9ophysiques, ainsi que la vente et location de nouveaux\u00a0\u00e9quipements de Bartec Syscom, ABEM et NOMIS Seismographs.<\/p>\n<p>G\u00e9ophysique GPR International Inc. offre \u00e9galement le\u00a0service d'entretien et d'\u00e9talonnage des \u00e9quipements Bartec Syscom et NOMIS.<\/p>\n<\/div>\n<\/div><\/div><div id=\"panel-135-0-0-1\" class=\"so-panel widget widget_black-studio-tinymce widget_black_studio_tinymce panel-last-child\" data-index=\"1\" ><div class=\"textwidget\"><h2>Vente et location d'\u00e9quipements g\u00e9ophysiques\u00a0d'occasion<\/h2>\n<p>G\u00e9ophysique GPR International Inc. a un grand inventaire d'instruments et d'accessoires \u00e0 vendre et \u00e0 louer (Avec ou sans op\u00e9rateur) :<\/p>\n<ul>\n<li><span style=\"color: #013ca6;\"><a style=\"color: #013ca6;\" href=\"http:\/\/ground.geophysicsgpr.com\/fr\/techniques-de-geophysique-terrestre\/methodes-magnetiques-et-electromagnetiques\">Electromagn\u00e9tisme\u00a0et magn\u00e9tisme<\/a>;<\/span><\/li>\n<li><span style=\"color: #013ca6;\"><a style=\"color: #013ca6;\" href=\"http:\/\/ground.geophysicsgpr.com\/fr\/techniques-de-geophysique-terrestre\/controle-de-vibrations\">Moniteurs de vibrations<\/a>\u00a0(sismographes);<\/span><\/li>\n<li><span style=\"color: #013ca6;\"><a style=\"color: #013ca6;\" href=\"http:\/\/ground.geophysicsgpr.com\/fr\/techniques-de-geophysique-terrestre\/methodes-sismiques-de-geophysique\">Lev\u00e9 sismique<\/a>\u00a0(sismographes);<\/span><\/li>\n<li><span style=\"color: #013ca6;\"><a style=\"color: #013ca6;\" href=\"http:\/\/ground.geophysicsgpr.com\/fr\/techniques-de-geophysique-terrestre\/resistivite-electrique-pp-ps\">R\u00e9sistivit\u00e9 \u00e9lectrique (tomographie)<\/a>;<\/span><\/li>\n<li><a href=\"http:\/\/ground.geophysicsgpr.com\/fr\/techniques-de-geophysique-terrestre\/georadar\">G\u00e9oradar (GPR)<\/a>;<\/li>\n<li><a href=\"http:\/\/ground.geophysicsgpr.com\/fr\/techniques-de-geophysique-terrestre\/gravimetrie\">Gravim\u00e8tre<\/a>;<\/li>\n<li><span style=\"color: #013ca6;\"><a style=\"color: #013ca6;\" href=\"http:\/\/marine.geophysicsgpr.com\/fr\/\">\u00c9quipement marin<\/a>.<\/span><\/li>\n<\/ul>\n<h2 class=\"h2resize\">Produits BARTEC SYSCOM<br \/>\n<a href=\"https:\/\/geophysicsgpr.com\/wp-content\/uploads\/2018\/06\/bartec_logo-e1528290169472.jpg\"><img loading=\"lazy\" decoding=\"async\" width=\"149\" height=\"20\" class=\"alignnone size-full wp-image-1092\" src=\"https:\/\/geophysicsgpr.com\/wp-content\/uploads\/2018\/06\/bartec_logo-e1528290169472.jpg\" alt=\"\" \/><\/a><\/h2>\n<p>G\u00e9ophysique GPR International Inc. est l'agent\u00a0autoris\u00e9 exclusif au Canada des produits Bartec Syscom.<\/p>\n<p class=\"bodytext\">Nous offrons les solutions mat\u00e9rielles et logicielles de Bartec Syscom pour le suivi de vibrations sur des installations temporaires comme permanentes.<\/p>\n<p>Pour plus d'informations sur la gamme de produits BARTEC SYSCOM, vous \u00eates invit\u00e9s \u00e0 visiter leur site Web \u00e0\u00a0<a href=\"http:\/\/www.syscom.ch\" target=\"_blank\" rel=\"noopener\">www.syscom.ch<\/a><\/p>\n<h2 class=\"h2resize\">Produits ABEM<\/h2>\n<p>G\u00e9ophysique GPR International Inc. est l'agent\u00a0autoris\u00e9 exclusif au Canada pour les \u00e9quipements g\u00e9ophysiques d'ABEM, y compris :<\/p>\n<ul>\n<li>Sismographes - Terraloc PRO 12 ch - 24 ch - 48 ch;<\/li>\n<li>R\u00e9sistivit\u00e9 - Terrameter SAS \u00a01000;<\/li>\n<li>R\u00e9sistivit\u00e9 Imaging - Terrameter LS Imaging LUND System 4 ch - 8 ch - 12 ch;<\/li>\n<li>Diagraphie - SAS LOG;<\/li>\n<li>Syst\u00e8mes \u00e9lectromagn\u00e9tiques - WalkTEM 2 ch;<\/li>\n<li>Logiciels d'interpr\u00e9tation.<\/li>\n<\/ul>\n<p>Pour plus d'informations sur la gamme de produits ABEM, vous \u00eates invit\u00e9s \u00e0 visiter leur site Web \u00e0 <a href=\"https:\/\/www.guidelinegeo.com\">www.guidelinegeo.com<\/a><\/p>\n<h2 class=\"h2resize\">Produits NOMIS<\/h2>\n<p>G\u00e9ophysique GPR International Inc. est l'agent\u00a0autoris\u00e9 au Canada des \u00e9quipements de vibrations NOMIS Seismographs y compris\u00a0:<\/p>\n<ul>\n<li>NOMIS s\u00e9rie 7100 (Mini-Supergraph et Supergraph);<\/li>\n<li>NOMIS s\u00e9rie 8100 (Mini-Supergraph II);<\/li>\n<li>Produits et accessoires connexes.<\/li>\n<\/ul>\n<p>Pour de plus amples informations sur la gamme de produits NOMIS, vous \u00eates invit\u00e9s \u00e0 visiter leur site Web \u00e0\u00a0<a href=\"http:\/\/www.nomis.com\">www.nomis.com<\/a><\/p>\n<\/div><\/div><\/div><div id=\"pgc-135-0-1\"  class=\"panel-grid-cell\" ><div id=\"panel-135-0-1-0\" class=\"so-panel widget widget_sow-editor panel-first-child panel-last-child\" data-index=\"2\" ><div class=\"panel-widget-style panel-widget-style-for-135-0-1-0\" ><div\n\t\t\t\n\t\t\tclass=\"so-widget-sow-editor so-widget-sow-editor-base\"\n\t\t\t\n\t\t>\n<div class=\"siteorigin-widget-tinymce textwidget\">\n\t<p style=\"text-align: left;\"><strong>Appelez-nous aujourd'hui pour un estim\u00e9<br \/>\n<\/strong><strong>1-450-679-2400 Sans frais : 1-800-672-4774<\/strong><\/p>\n<p style=\"text-align: left;\"><strong>ou contactez <span style=\"color: #013ca6;\"><a style=\"color: #013ca6;\" href=\"mailto:daniel.campos@geophysicsgpr.com; info@geophysicsgpr.com\">Daniel Campos Halas\u200b<\/a><\/span>\u00a0pour plus de d\u00e9tails sur l'ensemble de nos services - \u00e9quipements.<\/strong><br \/>\n\n\t\t\t\t\t<script>\n\t\t\t\t\t\twindow.hsFormsOnReady = window.hsFormsOnReady || [];\n\t\t\t\t\t\twindow.hsFormsOnReady.push(()=>{\n\t\t\t\t\t\t\thbspt.forms.create({\n\t\t\t\t\t\t\t\tportalId: 45891486,\n\t\t\t\t\t\t\t\tformId: \"804ad567-2a56-4019-91b0-dbf25e122d21\",\n\t\t\t\t\t\t\t\ttarget: \"#hbspt-form-1777503846000-2357342315\",\n\t\t\t\t\t\t\t\tregion: \"na1\",\n\t\t\t\t\t\t\t\t\n\t\t\t\t\t\t})});\n\t\t\t\t\t<\/script>\n\t\t\t\t\t<div class=\"hbspt-form\" id=\"hbspt-form-1777503846000-2357342315\"><\/div><\/p>\n<\/div>\n<\/div><\/div><\/div><\/div><\/div><\/div><\/div>","protected":false},"excerpt":{"rendered":"<p>(LOCATION D&rsquo;\u00c9QUIPEMENTS AU CANADA SEULEMENT) G\u00e9ophysique GPR International Inc. a toujours \u00e9t\u00e9 \u00e0 la fine pointe de la technologie gr\u00e2ce \u00e0 l&rsquo;utilisation d&rsquo;\u00e9quipements tr\u00e8s performants. Au fil des ans, le personnel de GPR a d\u00e9velopp\u00e9 une expertise enviable dans l&rsquo;utilisation d&rsquo;une large gamme d&rsquo;\u00e9quipements g\u00e9ophysiques. Ils implantent \u00e9galement de nouvelles technologies au Canada et \u00e0&#8230;  <a href=\"https:\/\/geophysicsgpr.com\/fr\/produits-et-ventes-dequipements-geophysiques\/\" class=\"more-link\" title=\"Read Vente et location d&rsquo;\u00e9quipements g\u00e9ophysiques\">Read more &raquo;<\/a><\/p>\n","protected":false},"author":1,"featured_media":0,"parent":0,"menu_order":0,"comment_status":"closed","ping_status":"closed","template":"page-full-width.php","meta":{"content-type":"","footnotes":""},"class_list":["post-135","page","type-page","status-publish","hentry"],"_links":{"self":[{"href":"https:\/\/geophysicsgpr.com\/fr\/wp-json\/wp\/v2\/pages\/135","targetHints":{"allow":["GET"]}}],"collection":[{"href":"https:\/\/geophysicsgpr.com\/fr\/wp-json\/wp\/v2\/pages"}],"about":[{"href":"https:\/\/geophysicsgpr.com\/fr\/wp-json\/wp\/v2\/types\/page"}],"author":[{"embeddable":true,"href":"https:\/\/geophysicsgpr.com\/fr\/wp-json\/wp\/v2\/users\/1"}],"replies":[{"embeddable":true,"href":"https:\/\/geophysicsgpr.com\/fr\/wp-json\/wp\/v2\/comments?post=135"}],"version-history":[{"count":68,"href":"https:\/\/geophysicsgpr.com\/fr\/wp-json\/wp\/v2\/pages\/135\/revisions"}],"predecessor-version":[{"id":1862,"href":"https:\/\/geophysicsgpr.com\/fr\/wp-json\/wp\/v2\/pages\/135\/revisions\/1862"}],"wp:attachment":[{"href":"https:\/\/geophysicsgpr.com\/fr\/wp-json\/wp\/v2\/media?parent=135"}],"curies":[{"name":"wp","href":"https:\/\/api.w.org\/{rel}","templated":true}]}}