{"id":122,"date":"2015-08-24T16:24:51","date_gmt":"2015-08-24T15:24:51","guid":{"rendered":"http:\/\/geophysicsgpr.com\/?page_id=122"},"modified":"2020-07-03T17:10:25","modified_gmt":"2020-07-03T16:10:25","slug":"international-projects","status":"publish","type":"page","link":"https:\/\/geophysicsgpr.com\/en\/international-projects\/","title":{"rendered":"Achievements"},"content":{"rendered":"<div id=\"pl-122\"  class=\"panel-layout\" ><div id=\"pg-122-0\"  class=\"panel-grid panel-no-style\" ><div id=\"pgc-122-0-0\"  class=\"panel-grid-cell\" ><div id=\"panel-122-0-0-0\" class=\"so-panel widget widget_sow-image panel-first-child\" data-index=\"0\" ><div class=\"fullmap panel-widget-style panel-widget-style-for-122-0-0-0\" ><div\n\t\t\t\n\t\t\tclass=\"so-widget-sow-image so-widget-sow-image-default-8b5b6f678277-122\"\n\t\t\t\n\t\t>\n<div class=\"sow-image-container\">\n\t\t<img loading=\"lazy\" decoding=\"async\" src=\"https:\/\/geophysicsgpr.com\/wp-content\/uploads\/2015\/08\/visited_countries.png\" width=\"750\" height=\"329\" srcset=\"https:\/\/geophysicsgpr.com\/wp-content\/uploads\/2015\/08\/visited_countries.png 750w, https:\/\/geophysicsgpr.com\/wp-content\/uploads\/2015\/08\/visited_countries-300x132.png 300w\" sizes=\"auto, (max-width: 750px) 100vw, 750px\" alt=\"\" \t\tclass=\"so-widget-image\"\/>\n\t<\/div>\n\n<\/div><\/div><\/div><div id=\"panel-122-0-0-1\" class=\"so-panel widget widget_sow-editor panel-last-child\" data-index=\"1\" ><div class=\"texte-home-right article panel-widget-style panel-widget-style-for-122-0-0-1\" ><div\n\t\t\t\n\t\t\tclass=\"so-widget-sow-editor so-widget-sow-editor-base\"\n\t\t\t\n\t\t>\n<div class=\"siteorigin-widget-tinymce textwidget\">\n\t<h2 class=\"h2resize\">List of Key International Projects<\/h2>\n<p>2020-2023 Vibration Monitoring of the R\u00e9seau \u00c9lectrique M\u00e9tropolitain 67 km, CANADA<\/p>\n<p>2018-2020 Extension of the Blue subway line in Montreal SEISMIC, CANADA<\/p>\n<p>2018 KTTM-SOUTH 42, Electrical Resistivity and IP for Mineral Exploration, COLOMBIA<\/p>\n<p>2017-2018 IIC TECHNOLOGIES, Aeromagnetic and Gradiometric Surveys for Mineral Exploration, INDIA<br \/>\n2017 KTTM-ASECCOL INGENIERIA, Ground Penetrating Radar for Utility Detection, COLOMBIA<\/p>\n<p>2015 FONROCHE, aeromagnetic survey (Stinger) for an geothermal power-plant project,\u00a0FRANCE<br \/>\n2015\u00a0NELSAP, Ground and Marine Surveys for Hydroelectric Project, TANZANIA-RWANDA<\/p>\n<p>2014\u00a0KTTM GEOPHYSICS LTD, IP project supervision and data processing, ARGENTINA<br \/>\n2014\u00a0ENVIRONNEMENT ILLIMIT\u00c9, Marine Surveys for Port Development, GUINEA<br \/>\n2014\u00a0IMC -CALCUTA, Gravity Data Processing, MADAGASCAR<\/p>\n<p>2013\u00a0IIC TECHNOLOGIES,\u00a0Gravimetry surveys National Geoid Modelling Project, OMAN<br \/>\n2013\u00a0KTTM GEOPHYSICS LTD,\u00a0IP Data Processing ,COLUMBIA<br \/>\n2013\u00a0DMT GmbH &amp; Co. KG, Magnetotelluric survey for Oil Exploration, ETHIOPIA<br \/>\n2013\u00a0HOLCIM PHILIPPINES INC,\u00a0Resistivity Survey for Quarry Development, PHILIPPINES<\/p>\n<p>2012\u00a0T.V.I.P.L.,\u00a0Georadar Utility Mapping,\u00a0INDIA<br \/>\n2012\u00a0EXPLO NOVOMINING ENSA, Mag Airborne Survey for Mining Exploration, ECUADOR<br \/>\n2012\u00a0SNC-LAVALIN, Bathymetric Survey for Hydroelectric Project, ANGOLA<br \/>\n2012\u00a0GOLDER ASSOCI\u00c9S, Marine Surveys for Port Development, GUINEA<\/p>\n<p>2011\u00a0GRAYMONT,Training on blasting and vibrations, USA<\/p>\n<p>2008\u00a0BOUYGUES, Travaux Publics, Jamaican BranchSeismic Refraction for Road Construction, JAMAICA<br \/>\n2008\u00a0ELECTRON INVESTMENT S.A.,Seismic Refraction \/ MASW for Hydroelectric Project,\u00a0PANAMA<\/p>\n<p>2006 KABANGA NICKEL COMPANY LTD., Seismic refraction survey, TANZANIA<br \/>\n2006 VDG DEL PERU Borehole logging for mineral exploration, PERU<br \/>\n2006 GETU Hydroelectric dam investigations, TUNESIA<\/p>\n<p>2005 TECHNISOL Hydroelectric dam investigations, ST-PIERRE-ET-MIQUELON (FRANCE)<br \/>\n2005 VDG DEL PERU Underground utility location, PERU<\/p>\n<p>2004 MINERA MAJAZ Airborne mineral exploration, PERU<br \/>\n2004 MONARC GOLD Airborne mineral exploration, PERU<br \/>\n2004 THE DOE RUN COMPANY Airborne mineral exploration, PERU<\/p>\n<p>2003 CARIBBEAN FISHERY MANAGEMENT COUNCIL Marine habitat mapping, USVI, USA<\/p>\n<p>2002 GENERAL ELECTRIC Pipeline inspection survey, TAKORADI, GHANA<\/p>\n<p>2000 ECOH CORP. Port development survey, ANTIGUA-BARBUDA<br \/>\n2000 STONE &amp; WEBSTER Pipeline route study, NEW YORK, USA<\/p>\n<p>1999 AGRA-MONENCO Bridge pre-construction survey, SOUTH KOREA<br \/>\n1999 CAROLINA POWER Underwater cable installation, CAPE FEAR, USA<br \/>\n1999 PETTIS AND ASSOCIATES Gravel pit evaluation, MICHIGAN, USA<\/p>\n<p>1998 TETRA Co. LTD. Port development survey, SEKONDI, GHANA,<br \/>\n1998 TOJO-VIKAS Structural investigation on Jaipur dam, KOTA, INDIA<\/p>\n<p>1997 TOJO-VKAS\/RITES Pipe localization, NEW DELHI, INDIA<br \/>\n1997 MTERI DAM Dam investigation, ZIMBABWE<br \/>\n1997 INCO LTD. Karst detection, SULAWESI, INDONESIA<br \/>\n1997 FERROVIAL Karst detection, TUNISIA<\/p>\n<p>1996 TETRA Co LTD. Port development survey, SEKONDI, GHANA<\/p>\n<p>1994 JACSAN INC. Mining properties evaluation, ZIMBABWE<br \/>\n1994 GPR FRANCE Sediments thickness evalutaion, FRANCE<br \/>\n1994 EXPERCO LTD. Irrigation dam evaluation, VIETNAM<\/p>\n<p>1993 COMITE HISTORIQUE MAISONNEUVE Archeological investigation, PARIS, FRANCE<br \/>\n1993 SNC-LAVALIN Hydroelectric dam investigations, BURKINA FASO<\/p>\n<p>1992 PETROLEUM AUT.OF THAILAND Pipeline installation survey, THAILAND<\/p>\n<p>1990 HARDY BBT LTD Pipeline installation survey, TANZANIA<br \/>\n1990 TECSULT INC. Hydroelectric dam investigations, CANAL DU CAYOR<br \/>\n1990 SNC Hydroelectric dam investigations SAMALA, GUATEMALA<\/p>\n<p>1989 DGGTH-BARBARA Water derivation study, BARBARA, TUNISIA<\/p>\n<p>1988 SNC Hydroelectric dam investigations, FOMI, GUINEA<\/p>\n<p>1987 SNC Tunnel construction survey, EL HAOUREB, TUNISIA<br \/>\n1987 LAVALIN-SHAWINIGAN Hydroelectric dam investigations, PANAMA DAM<\/p>\n<p>1985 SNC - ACRES Chamera project investigations, INDIA<br \/>\n1985 CIWEC Hydroelectric dam investigations, ARUN 3 and KALI GANDAKI 2, NEPAL<\/p>\n<p>1984 ACDI Airborne mineral exploration, ZIMBABWE<br \/>\n1984 SNC Hydroelectric dam investigations, THAILAND<br \/>\n1984 MALAYSIA MINING Underground UXO detection, MALAISIA<\/p>\n<p>1983 LGL Hydroelectric dam investigations riv. Artibonite, HAITI<br \/>\n1983 SNC Hydroelectric dam investigations, GUINEE FRANCAISE<br \/>\n1983 SNC Hydroelectric dam investigations Gandaki project, NEPAL<\/p>\n<p>1982 FITZPATRICK Vibration control during blasting, ALGERIA<br \/>\n1981 ACRES Hydroelectric dam investigations, PANAMA<\/p>\n<p>1980 CANAMONT Nuclear power plant investigation, SOUTH KOREA<br \/>\n1980 SNC Bedrock faults mapping, BORUCCA, COSTA RICA<\/p>\n<p>1979 GASTON DROUIN ET ASS. Port development marine survey, MAURITANIA<br \/>\n1979 ACDI Vibration study, BOURGUIBA DAM, TUNISIA<br \/>\n1979 SNC Hydroelectric dam investigations, COSTA RICA<\/p>\n<p>1978 GEOCON - ALCAN Plant localization survey, JAMAICA<\/p>\n<p>1977 SNC Hydroelectric dam investigations, MADAGASCAR<br \/>\n1977 CANAMONT Nuclear power plant investigation, SOUTH KOREA<\/p>\n<p>1976 SNC Hydroelectric dam investigations, SIDI SAAD, TUNISIA<\/p>\n<p>1975 LALONDE, GIROUARD Hydraulic ressources inventory, HAITI<br \/>\n1975 SNC Hydroelectric dam investigations, TUNISIA<\/p>\n<\/div>\n<\/div><\/div><\/div><\/div><\/div><\/div>","protected":false},"excerpt":{"rendered":"<p>List of Key International Projects 2020-2023 Vibration Monitoring of the R\u00e9seau \u00c9lectrique M\u00e9tropolitain 67 km, CANADA 2018-2020 Extension of the Blue subway line in Montreal SEISMIC, CANADA 2018 KTTM-SOUTH 42, Electrical Resistivity and IP for Mineral Exploration, COLOMBIA 2017-2018 IIC TECHNOLOGIES, Aeromagnetic and Gradiometric Surveys for Mineral Exploration, INDIA 2017 KTTM-ASECCOL INGENIERIA, Ground Penetrating Radar&#8230;  <a href=\"https:\/\/geophysicsgpr.com\/en\/international-projects\/\" class=\"more-link\" title=\"Read Achievements\">Read more &raquo;<\/a><\/p>\n","protected":false},"author":1,"featured_media":0,"parent":0,"menu_order":0,"comment_status":"closed","ping_status":"closed","template":"page-full-width.php","meta":{"content-type":"","footnotes":""},"class_list":["post-122","page","type-page","status-publish","hentry"],"_links":{"self":[{"href":"https:\/\/geophysicsgpr.com\/en\/wp-json\/wp\/v2\/pages\/122","targetHints":{"allow":["GET"]}}],"collection":[{"href":"https:\/\/geophysicsgpr.com\/en\/wp-json\/wp\/v2\/pages"}],"about":[{"href":"https:\/\/geophysicsgpr.com\/en\/wp-json\/wp\/v2\/types\/page"}],"author":[{"embeddable":true,"href":"https:\/\/geophysicsgpr.com\/en\/wp-json\/wp\/v2\/users\/1"}],"replies":[{"embeddable":true,"href":"https:\/\/geophysicsgpr.com\/en\/wp-json\/wp\/v2\/comments?post=122"}],"version-history":[{"count":19,"href":"https:\/\/geophysicsgpr.com\/en\/wp-json\/wp\/v2\/pages\/122\/revisions"}],"predecessor-version":[{"id":1612,"href":"https:\/\/geophysicsgpr.com\/en\/wp-json\/wp\/v2\/pages\/122\/revisions\/1612"}],"wp:attachment":[{"href":"https:\/\/geophysicsgpr.com\/en\/wp-json\/wp\/v2\/media?parent=122"}],"curies":[{"name":"wp","href":"https:\/\/api.w.org\/{rel}","templated":true}]}}